{"id":31,"date":"2013-06-19T08:27:59","date_gmt":"2013-06-19T06:27:59","guid":{"rendered":"http:\/\/www.wiltonsschuetzen.de\/?page_id=31"},"modified":"2017-11-25T21:11:12","modified_gmt":"2017-11-25T19:11:12","slug":"unsere-ziele","status":"publish","type":"page","link":"http:\/\/www.wiltonsschuetzen.de\/?page_id=31","title":{"rendered":"Ziele und Prinzipien"},"content":{"rendered":"<p>Die Mitglieder der Gruppe \u201eWiltons Sch\u00fctzen\u201c stellen einen Zusammenschluss von Bogensch\u00fctzen im Heeresaufgebot von Heinrich V von England dar. Zeitlich und r\u00e4umlich angesetzt ist die Darstellung im s\u00fcdlichen England und n\u00f6rdlichen Frankreich des Jahres 1415.<\/p>\n<p>Darstellung und Bogensport nehmen bei uns den gleichen Stellenwert ein. Beides wird auf gleich hohem Niveau umgesetzt. <strong>Unser erkl\u00e4rtes Ziel ist, den historischen Originalen so nah wie m\u00f6glich zu kommen.<\/strong> Daf\u00fcr folgen wir einem festen Konzept, welches <a title=\"Das Konzept\" href=\"http:\/\/www.wiltonsschuetzen.de\/?page_id=34\">hier<\/a> eigens erkl\u00e4rt wird.<\/p>\n<p>Die Darstellung konzentriert sich auf einfache und bereits ein wenig besser ausger\u00fcstete Bogensch\u00fctzen gew\u00f6hnlichen Standes: von der Ausr\u00fcstung und Kleidung, die diese M\u00e4nner an und mit sich tragen, bis zu Ihren h\u00f6chst effektiven B\u00f6gen samt Sehnen, K\u00f6chern und Pfeilen reicht der gegenst\u00e4ndliche Darstellungsfokus.<\/p>\n<p>Dieser wird erg\u00e4nzt durch die Fertigkeit im Umgang mit Pfeil und Bogen: die realistische Demonstration einer der pr\u00e4genden Kriegsk\u00fcnste des Hundertj\u00e4hrigen Krieges hinsichtlich Zugkraft und Material, Leistung und Effektivit\u00e4t, Strategie und Methodik, Taktik und Training.<\/p>\n<p>Dies sind die Kerninhalte unseres prim\u00e4ren Darstellungsauftrags.<\/p>\n<p><a title=\"Aachener Erkl\u00e4rung\" href=\"http:\/\/www.livehistory.de\/aachener_erklaerung\/\" target=\"_blank\"><img loading=\"lazy\" class=\"alignright size-full wp-image-200\" src=\"http:\/\/www.wiltonsschuetzen.de\/wp-content\/uploads\/2013\/06\/ae.png\" alt=\"ae\" width=\"120\" height=\"120\" \/><\/a><em>Als Unterzeichner der <a title=\"Aachener Erkl\u00e4rung\" href=\"http:\/\/www.livehistory.de\/aachener_erklaerung\/\" target=\"_blank\">Aachener Erkl\u00e4rung<\/a> verstehen wir, Wiltons Sch\u00fctzen, uns als Gruppe Gleichgesinnter ohne spirituelle, ideologische, gesellschaftliche oder politische Agenda. Unser Interesse gilt der &#8222;Living History&#8220; des fr\u00fchen 15. Jahrhunderts in England und dem &#8222;Reenactment&#8220; der Schlacht von Azincourt im Jahre 1415.<\/em><\/p>\n","protected":false},"excerpt":{"rendered":"<p>Die Mitglieder der Gruppe \u201eWiltons Sch\u00fctzen\u201c stellen einen Zusammenschluss von Bogensch\u00fctzen im Heeresaufgebot von Heinrich V von England dar. Zeitlich und r\u00e4umlich angesetzt ist die Darstellung im s\u00fcdlichen England und n\u00f6rdlichen Frankreich des Jahres 1415. Darstellung und Bogensport nehmen bei &hellip; <a href=\"http:\/\/www.wiltonsschuetzen.de\/?page_id=31\">Weiterlesen <span class=\"meta-nav\">&rarr;<\/span><\/a><\/p>\n","protected":false},"author":1,"featured_media":0,"parent":0,"menu_order":100,"comment_status":"closed","ping_status":"closed","template":"","meta":{"ngg_post_thumbnail":0,"_links_to":"","_links_to_target":""},"_links":{"self":[{"href":"http:\/\/www.wiltonsschuetzen.de\/index.php?rest_route=\/wp\/v2\/pages\/31"}],"collection":[{"href":"http:\/\/www.wiltonsschuetzen.de\/index.php?rest_route=\/wp\/v2\/pages"}],"about":[{"href":"http:\/\/www.wiltonsschuetzen.de\/index.php?rest_route=\/wp\/v2\/types\/page"}],"author":[{"embeddable":true,"href":"http:\/\/www.wiltonsschuetzen.de\/index.php?rest_route=\/wp\/v2\/users\/1"}],"replies":[{"embeddable":true,"href":"http:\/\/www.wiltonsschuetzen.de\/index.php?rest_route=%2Fwp%2Fv2%2Fcomments&post=31"}],"version-history":[{"count":31,"href":"http:\/\/www.wiltonsschuetzen.de\/index.php?rest_route=\/wp\/v2\/pages\/31\/revisions"}],"predecessor-version":[{"id":450,"href":"http:\/\/www.wiltonsschuetzen.de\/index.php?rest_route=\/wp\/v2\/pages\/31\/revisions\/450"}],"wp:attachment":[{"href":"http:\/\/www.wiltonsschuetzen.de\/index.php?rest_route=%2Fwp%2Fv2%2Fmedia&parent=31"}],"curies":[{"name":"wp","href":"https:\/\/api.w.org\/{rel}","templated":true}]}}