{"id":34,"date":"2013-06-19T08:29:14","date_gmt":"2013-06-19T06:29:14","guid":{"rendered":"http:\/\/www.wiltonsschuetzen.de\/?page_id=34"},"modified":"2013-06-19T23:14:56","modified_gmt":"2013-06-19T21:14:56","slug":"das-konzept","status":"publish","type":"page","link":"http:\/\/www.wiltonsschuetzen.de\/?page_id=34","title":{"rendered":"Konzept"},"content":{"rendered":"<p>Um unsere Ziele umsetzen zu k\u00f6nnen, verfolgen wir das Konzept der \u201eBestm\u00f6glichen Darstellung\u201c. Bei Vermeidung unn\u00f6tiger Kompromisse wird unter Aufbringung der verf\u00fcgbaren Mittel und Ressourcen der per <a title=\"Unsere Ziele und Prinzipien\" href=\"http:\/\/www.wiltonsschuetzen.de\/?page_id=31\">Zielsetzung<\/a> definierte Darstellungsauftrag auf Basis von Funden und Referenzen sowie den darauf basierenden Schlussfolgerungen so nah wie m\u00f6glich an der historischen Realit\u00e4t umgesetzt.<\/p>\n<p>Das Konzept gliedert sich in die Teilbereiche Recherche, die vier Hauptdarstellungslinien und die Umsetzung der Inhalte in Form von Vorf\u00fchrungen mit sowohl sportlichem als auch ausdr\u00fccklich didaktischem Inhalt.<\/p>\n<p>Das erscheint also soweit als eine recht sauber ausgedachte Definition und wir setzen sie konsequent um. Aber h\u00f6rt sich das jetzt nicht schon sehr theoretisch und ein bisschen &#8222;verkopft&#8220; an? Nun, falls ja, das t\u00e4uscht. Um eine ebenso anschauliche und attraktive wie historisch belastbare Basis f\u00fcr die Umsetzung des Konzeptes zu schaffen, die einem nicht sofort Kopfschmerzen bereitet, haben wir folgende Szenerie f\u00fcr unsere Darstellung entwickelt:<\/p>\n<blockquote><p>Southampton im Fr\u00fchsommer 1415<\/p>\n<p>Die Vorbereitungen f\u00fcr den nahenden Frankreichfeldzug nehmen greifbare Form. Die Truppen des K\u00f6nigs sammeln sich im S\u00fcden Englands, genauer gesagt in Southampton. Zum Heeresaufgebot geh\u00f6ren Ritter, Reiter, K\u00e4mpfer und Bogensch\u00fctzen sowohl zu Pferde als auch zu Fu\u00df.<\/p>\n<p><b>\u201eH\u00f6rt mich, M\u00e4nner! Sobald der K\u00f6nig ausreichend Schiffe gemustert hat setzen wir endlich auf das Festland \u00fcber. Dort gewinnen wir dann zu Ehren Gottes und des Heiligen Georgs gemeinsam mit unserem K\u00f6nig Heinrich diesem sein rechtm\u00e4\u00dfiges Reich zur\u00fcck! Unser Kampf gilt der Ehre und Gerechtigkeit \u2013 Auf nach Frankreich! Auf zum Sieg!\u201c<\/b><\/p>\n<p><b>Thomas Thatcher, im Dienste des Herrn von Salisbury f\u00fcr K\u00f6nig Henry V, im Juli 1415<\/b><\/p><\/blockquote>\n<p>Diese Einbettung der theoretischen, didaktischen und darstellerischen Anspr\u00fcche in ein plastisches, f\u00fchlbares und erlebbares Umfeld soll allen Interessierten, Aktiven wie auch Besuchern, einen geeigneten Zugang zum Thema er\u00f6ffnen.<br \/>\nEs leidet dabei keinesfalls der Spa\u00df an der Sache, im Gegenteil: die Umsetzung des Konzeptes bringt viele unvergessliche und unvergleichliche Erlebnisse mit sich, die mit anderen Anspr\u00fcchen so nie m\u00f6glich w\u00e4ren.<\/p>\n<p><strong>Wer die Faszination einer konsequenten sp\u00e4tmittelalterlichen Bogensch\u00fctzendarstellung im fr\u00fchen 15. Jahrhundert mit einem ebenso ernstgemeinten sportlichen Anspruch verbinden m\u00f6chte, hat das Konzept im Grunde verinnerlicht!<\/strong><\/p>\n","protected":false},"excerpt":{"rendered":"<p>Um unsere Ziele umsetzen zu k\u00f6nnen, verfolgen wir das Konzept der \u201eBestm\u00f6glichen Darstellung\u201c. Bei Vermeidung unn\u00f6tiger Kompromisse wird unter Aufbringung der verf\u00fcgbaren Mittel und Ressourcen der per Zielsetzung definierte Darstellungsauftrag auf Basis von Funden und Referenzen sowie den darauf basierenden &hellip; <a href=\"http:\/\/www.wiltonsschuetzen.de\/?page_id=34\">Weiterlesen <span class=\"meta-nav\">&rarr;<\/span><\/a><\/p>\n","protected":false},"author":1,"featured_media":0,"parent":0,"menu_order":200,"comment_status":"closed","ping_status":"closed","template":"","meta":{"ngg_post_thumbnail":0,"_links_to":"","_links_to_target":""},"_links":{"self":[{"href":"http:\/\/www.wiltonsschuetzen.de\/index.php?rest_route=\/wp\/v2\/pages\/34"}],"collection":[{"href":"http:\/\/www.wiltonsschuetzen.de\/index.php?rest_route=\/wp\/v2\/pages"}],"about":[{"href":"http:\/\/www.wiltonsschuetzen.de\/index.php?rest_route=\/wp\/v2\/types\/page"}],"author":[{"embeddable":true,"href":"http:\/\/www.wiltonsschuetzen.de\/index.php?rest_route=\/wp\/v2\/users\/1"}],"replies":[{"embeddable":true,"href":"http:\/\/www.wiltonsschuetzen.de\/index.php?rest_route=%2Fwp%2Fv2%2Fcomments&post=34"}],"version-history":[{"count":12,"href":"http:\/\/www.wiltonsschuetzen.de\/index.php?rest_route=\/wp\/v2\/pages\/34\/revisions"}],"predecessor-version":[{"id":216,"href":"http:\/\/www.wiltonsschuetzen.de\/index.php?rest_route=\/wp\/v2\/pages\/34\/revisions\/216"}],"wp:attachment":[{"href":"http:\/\/www.wiltonsschuetzen.de\/index.php?rest_route=%2Fwp%2Fv2%2Fmedia&parent=34"}],"curies":[{"name":"wp","href":"https:\/\/api.w.org\/{rel}","templated":true}]}}