{"id":346,"date":"2015-04-18T11:59:36","date_gmt":"2015-04-18T09:59:36","guid":{"rendered":"http:\/\/www.wiltonsschuetzen.de\/?page_id=346"},"modified":"2016-01-20T12:02:33","modified_gmt":"2016-01-20T10:02:33","slug":"realiensammlung","status":"publish","type":"page","link":"http:\/\/www.wiltonsschuetzen.de\/?page_id=346","title":{"rendered":"Realiensammlung"},"content":{"rendered":"<p>Hier stellen wir Ihnen ausgesuchte Ausr\u00fcstungsgegenst\u00e4nde vor. Diese wurden entweder von uns selbst hergestellt, sind aufgearbeitete Originale oder wurden von Spezialisten in Auftragsarbeit reproduziert.<\/p>\n<p>Zu jeder Vorstellung geh\u00f6ren Abbildungen und Texte, wie Erl\u00e4uterungen zu den Quellen, Beschreibungen und mehr. Jede Realie wird auf einem A4-PDF pr\u00e4sentiert. Dies soll kurz und knapp zeigen, wie wir unserem Anspruch gerecht werden.<\/p>\n<p><em>Klicken Sie einfach auf eine der Vorschaukacheln zum Aufruf des PDFs<\/em>. Wir w\u00fcnschen Ihnen eine interessante Lekt\u00fcre!<\/p>\n<p><a href=\"http:\/\/www.wiltonsschuetzen.de\/wp-content\/uploads\/2015\/04\/Armschutz.pdf\"><img loading=\"lazy\" class=\"  alignnone wp-image-356\" src=\"http:\/\/www.wiltonsschuetzen.de\/wp-content\/uploads\/2015\/04\/armschutz-1024x370.png\" alt=\"armschutz\" width=\"310\" height=\"112\" srcset=\"http:\/\/www.wiltonsschuetzen.de\/wp-content\/uploads\/2015\/04\/armschutz-1024x370.png 1024w, http:\/\/www.wiltonsschuetzen.de\/wp-content\/uploads\/2015\/04\/armschutz-300x108.png 300w, http:\/\/www.wiltonsschuetzen.de\/wp-content\/uploads\/2015\/04\/armschutz.png 1451w\" sizes=\"(max-width: 310px) 100vw, 310px\" \/><\/a><a href=\"http:\/\/www.wiltonsschuetzen.de\/wp-content\/uploads\/2015\/04\/aexteundbeile.pdf\"><img loading=\"lazy\" class=\"  alignnone wp-image-367\" src=\"http:\/\/www.wiltonsschuetzen.de\/wp-content\/uploads\/2015\/04\/aexteundbeile-1024x382.png\" alt=\"aexteundbeile\" width=\"310\" height=\"116\" srcset=\"http:\/\/www.wiltonsschuetzen.de\/wp-content\/uploads\/2015\/04\/aexteundbeile-1024x382.png 1024w, http:\/\/www.wiltonsschuetzen.de\/wp-content\/uploads\/2015\/04\/aexteundbeile-300x112.png 300w, http:\/\/www.wiltonsschuetzen.de\/wp-content\/uploads\/2015\/04\/aexteundbeile.png 1045w\" sizes=\"(max-width: 310px) 100vw, 310px\" \/><\/a><a href=\"http:\/\/www.wiltonsschuetzen.de\/wp-content\/uploads\/2015\/04\/laterne.pdf\"><img loading=\"lazy\" class=\"  alignnone wp-image-371\" src=\"http:\/\/www.wiltonsschuetzen.de\/wp-content\/uploads\/2015\/04\/laternen-1024x372.png\" alt=\"laternen\" width=\"310\" height=\"113\" srcset=\"http:\/\/www.wiltonsschuetzen.de\/wp-content\/uploads\/2015\/04\/laternen-1024x372.png 1024w, http:\/\/www.wiltonsschuetzen.de\/wp-content\/uploads\/2015\/04\/laternen-300x109.png 300w, http:\/\/www.wiltonsschuetzen.de\/wp-content\/uploads\/2015\/04\/laternen.png 1042w\" sizes=\"(max-width: 310px) 100vw, 310px\" \/><\/a><a href=\"http:\/\/www.wiltonsschuetzen.de\/wp-content\/uploads\/2015\/04\/textilruestung.pdf\"><img loading=\"lazy\" class=\"  alignnone wp-image-375\" src=\"http:\/\/www.wiltonsschuetzen.de\/wp-content\/uploads\/2015\/04\/textilruestung-1024x350.png\" alt=\"textilruestung\" width=\"310\" height=\"106\" srcset=\"http:\/\/www.wiltonsschuetzen.de\/wp-content\/uploads\/2015\/04\/textilruestung-1024x350.png 1024w, http:\/\/www.wiltonsschuetzen.de\/wp-content\/uploads\/2015\/04\/textilruestung-300x102.png 300w, http:\/\/www.wiltonsschuetzen.de\/wp-content\/uploads\/2015\/04\/textilruestung.png 1043w\" sizes=\"(max-width: 310px) 100vw, 310px\" \/><\/a><a href=\"http:\/\/www.wiltonsschuetzen.de\/wp-content\/uploads\/2015\/04\/geschossspitzenfuerdasschlachtfeld.pdf\"><img loading=\"lazy\" class=\" wp-image-389 alignleft\" src=\"http:\/\/www.wiltonsschuetzen.de\/wp-content\/uploads\/2015\/04\/geschossspitzenfuerdasschlachtfeld-1024x358.png\" alt=\"geschossspitzenfuerdasschlachtfeld\" width=\"310\" height=\"109\" srcset=\"http:\/\/www.wiltonsschuetzen.de\/wp-content\/uploads\/2015\/04\/geschossspitzenfuerdasschlachtfeld-1024x358.png 1024w, http:\/\/www.wiltonsschuetzen.de\/wp-content\/uploads\/2015\/04\/geschossspitzenfuerdasschlachtfeld-300x105.png 300w, http:\/\/www.wiltonsschuetzen.de\/wp-content\/uploads\/2015\/04\/geschossspitzenfuerdasschlachtfeld.png 1337w\" sizes=\"(max-width: 310px) 100vw, 310px\" \/><\/a><\/p>\n<p>&nbsp;<\/p>\n<p>&nbsp;<\/p>\n<p>&nbsp;<\/p>\n","protected":false},"excerpt":{"rendered":"<p>Hier stellen wir Ihnen ausgesuchte Ausr\u00fcstungsgegenst\u00e4nde vor. Diese wurden entweder von uns selbst hergestellt, sind aufgearbeitete Originale oder wurden von Spezialisten in Auftragsarbeit reproduziert. Zu jeder Vorstellung geh\u00f6ren Abbildungen und Texte, wie Erl\u00e4uterungen zu den Quellen, Beschreibungen und mehr. Jede &hellip; <a href=\"http:\/\/www.wiltonsschuetzen.de\/?page_id=346\">Weiterlesen <span class=\"meta-nav\">&rarr;<\/span><\/a><\/p>\n","protected":false},"author":1,"featured_media":0,"parent":0,"menu_order":10,"comment_status":"closed","ping_status":"closed","template":"","meta":{"ngg_post_thumbnail":0,"_links_to":"","_links_to_target":""},"_links":{"self":[{"href":"http:\/\/www.wiltonsschuetzen.de\/index.php?rest_route=\/wp\/v2\/pages\/346"}],"collection":[{"href":"http:\/\/www.wiltonsschuetzen.de\/index.php?rest_route=\/wp\/v2\/pages"}],"about":[{"href":"http:\/\/www.wiltonsschuetzen.de\/index.php?rest_route=\/wp\/v2\/types\/page"}],"author":[{"embeddable":true,"href":"http:\/\/www.wiltonsschuetzen.de\/index.php?rest_route=\/wp\/v2\/users\/1"}],"replies":[{"embeddable":true,"href":"http:\/\/www.wiltonsschuetzen.de\/index.php?rest_route=%2Fwp%2Fv2%2Fcomments&post=346"}],"version-history":[{"count":27,"href":"http:\/\/www.wiltonsschuetzen.de\/index.php?rest_route=\/wp\/v2\/pages\/346\/revisions"}],"predecessor-version":[{"id":390,"href":"http:\/\/www.wiltonsschuetzen.de\/index.php?rest_route=\/wp\/v2\/pages\/346\/revisions\/390"}],"wp:attachment":[{"href":"http:\/\/www.wiltonsschuetzen.de\/index.php?rest_route=%2Fwp%2Fv2%2Fmedia&parent=346"}],"curies":[{"name":"wp","href":"https:\/\/api.w.org\/{rel}","templated":true}]}}